{"id":100,"date":"2022-02-08T12:58:39","date_gmt":"2022-02-08T12:58:39","guid":{"rendered":"https:\/\/tesha-fashion.ro\/shop\/contul-meu\/"},"modified":"2026-02-14T17:07:30","modified_gmt":"2026-02-14T17:07:30","slug":"contul-meu","status":"publish","type":"page","link":"https:\/\/tesha-fashion.ro\/shop\/contul-meu\/","title":{"rendered":"Contul meu"},"content":{"rendered":"<p><img decoding=\"async\" loading=\"lazy\" src=\"https:\/\/secure.gravatar.com\/avatar\/cecd654841a860f3c6cdf17f7578e872?s=96&amp;d=mm&amp;r=g\">diana<\/p>\n<nav>\n<ul>\n<li><a href=\"https:\/\/tesha-fashion.ro\/shop\/contul-meu\/\">Panou control<\/a><\/li>\n<li><a href=\"https:\/\/tesha-fashion.ro\/shop\/contul-meu\/orders\/\">Comenzi<\/a><\/li>\n<li><a href=\"https:\/\/tesha-fashion.ro\/shop\/contul-meu\/downloads\/\">Desc\u0103rc\u0103ri<\/a><\/li>\n<li><a href=\"https:\/\/tesha-fashion.ro\/shop\/contul-meu\/edit-address\/\">Adrese<\/a><\/li>\n<li><a href=\"https:\/\/tesha-fashion.ro\/shop\/contul-meu\/edit-account\/\">Detalii cont<\/a><\/li>\n<li><a href=\"https:\/\/tesha-fashion.ro\/shop\/contul-meu\/customer-logout\/?_wpnonce=1e1cee1818\">Dezautentificare<\/a><\/li>\n<\/ul>\n<\/nav>\n<p>Bun\u0103 <strong>diana<\/strong> (nu e\u0219ti <strong>diana<\/strong>? <a href=\"https:\/\/tesha-fashion.ro\/shop\/contul-meu\/customer-logout\/?_wpnonce=1e1cee1818\">Dezautentific\u0103-te<\/a>)<\/p>\n<p>\u00cen panoul de control al contului t\u0103u po\u021bi s\u0103-\u021bi vezi <a href=\"https:\/\/tesha-fashion.ro\/shop\/contul-meu\/orders\/\">comenzile recente<\/a>, s\u0103-\u021bi administrezi <a href=\"https:\/\/tesha-fashion.ro\/shop\/contul-meu\/edit-address\/\">adresele de livrare \u0219i de facturare<\/a> \u0219i <a href=\"https:\/\/tesha-fashion.ro\/shop\/contul-meu\/edit-account\/\">s\u0103-\u021bi editezi parola \u0219i detaliile contului<\/a>.<\/p>\n<p><a href=\"https:\/\/tesha-fashion.ro\/shop\/wp-content\/uploads\/2022\/02\/bluza-1056a.jpg\" data-elementor-open-lightbox=\"yes\" data-elementor-lightbox-slideshow=\"all-ab58f80\" data-elementor-lightbox-title=\"bluza 1056a\"><br><\/a><br><a href=\"https:\/\/tesha-fashion.ro\/shop\/wp-content\/uploads\/2022\/02\/bluza-1056b.jpg\" data-elementor-open-lightbox=\"yes\" data-elementor-lightbox-slideshow=\"all-ab58f80\" data-elementor-lightbox-title=\"bluza 1056b\"><br><\/a><br><br><\/p>\n\n\n<div class=\"nfd-container nfd-p-md nfd-wb-gallery__gallery-1 wp-block-group\"><div class=\"wp-block-group__inner-container is-layout-constrained wp-block-group-is-layout-constrained\">\n<div class=\"wp-block-columns are-vertically-aligned-center is-layout-flex wp-container-core-columns-is-layout-53642b31 wp-block-columns-is-layout-flex\" style=\"padding-top:0;padding-right:0;padding-bottom:0;padding-left:0\">\n<div class=\"wp-block-column is-vertically-aligned-center is-layout-flow wp-block-column-is-layout-flow\">\n<figure class=\"nfd-rounded wp-block-image size-large\"><img data-recalc-dims=\"1\" decoding=\"async\" width=\"702\" height=\"1024\" loading=\"lazy\" src=\"https:\/\/i0.wp.com\/tesha-fashion.ro\/shop\/wp-content\/uploads\/2022\/03\/camasa-2157c.jpg?resize=702%2C1024&#038;ssl=1\" alt=\"\" class=\"wp-image-1444\" style=\"aspect-ratio:2\/3;object-fit:cover\" srcset=\"https:\/\/i0.wp.com\/tesha-fashion.ro\/shop\/wp-content\/uploads\/2022\/03\/camasa-2157c.jpg?resize=702%2C1024&amp;ssl=1 702w, https:\/\/i0.wp.com\/tesha-fashion.ro\/shop\/wp-content\/uploads\/2022\/03\/camasa-2157c.jpg?resize=206%2C300&amp;ssl=1 206w, https:\/\/i0.wp.com\/tesha-fashion.ro\/shop\/wp-content\/uploads\/2022\/03\/camasa-2157c.jpg?resize=600%2C875&amp;ssl=1 600w, https:\/\/i0.wp.com\/tesha-fashion.ro\/shop\/wp-content\/uploads\/2022\/03\/camasa-2157c.jpg?w=720&amp;ssl=1 720w\" sizes=\"auto, (max-width: 702px) 100vw, 702px\" \/><\/figure>\n<\/div>\n\n\n\n<div class=\"wp-block-column is-vertically-aligned-center is-layout-flow wp-block-column-is-layout-flow\" style=\"flex-basis:36%\">\n<figure class=\"nfd-rounded wp-block-image size-full\"><img data-recalc-dims=\"1\" decoding=\"async\" width=\"729\" height=\"1005\" loading=\"lazy\" src=\"https:\/\/i0.wp.com\/tesha-fashion.ro\/shop\/wp-content\/uploads\/2022\/03\/camasa-2157-atmosfera1.jpg?resize=729%2C1005&#038;ssl=1\" alt=\"\" class=\"wp-image-1439\" style=\"aspect-ratio:2\/3;object-fit:cover\" srcset=\"https:\/\/i0.wp.com\/tesha-fashion.ro\/shop\/wp-content\/uploads\/2022\/03\/camasa-2157-atmosfera1.jpg?w=729&amp;ssl=1 729w, https:\/\/i0.wp.com\/tesha-fashion.ro\/shop\/wp-content\/uploads\/2022\/03\/camasa-2157-atmosfera1.jpg?resize=218%2C300&amp;ssl=1 218w, https:\/\/i0.wp.com\/tesha-fashion.ro\/shop\/wp-content\/uploads\/2022\/03\/camasa-2157-atmosfera1.jpg?resize=600%2C827&amp;ssl=1 600w\" sizes=\"auto, (max-width: 729px) 100vw, 729px\" \/><\/figure>\n<\/div>\n\n\n\n<div class=\"wp-block-column is-vertically-aligned-center is-layout-flow wp-block-column-is-layout-flow\">\n<figure class=\"nfd-rounded wp-block-image size-large\"><img data-recalc-dims=\"1\" decoding=\"async\" width=\"712\" height=\"1024\" loading=\"lazy\" src=\"https:\/\/i0.wp.com\/tesha-fashion.ro\/shop\/wp-content\/uploads\/2022\/03\/camasa-2157b.jpg?resize=712%2C1024&#038;ssl=1\" alt=\"\" class=\"wp-image-1442\" style=\"aspect-ratio:2\/3;object-fit:cover\" srcset=\"https:\/\/i0.wp.com\/tesha-fashion.ro\/shop\/wp-content\/uploads\/2022\/03\/camasa-2157b.jpg?resize=712%2C1024&amp;ssl=1 712w, https:\/\/i0.wp.com\/tesha-fashion.ro\/shop\/wp-content\/uploads\/2022\/03\/camasa-2157b.jpg?resize=209%2C300&amp;ssl=1 209w, https:\/\/i0.wp.com\/tesha-fashion.ro\/shop\/wp-content\/uploads\/2022\/03\/camasa-2157b.jpg?resize=600%2C863&amp;ssl=1 600w, https:\/\/i0.wp.com\/tesha-fashion.ro\/shop\/wp-content\/uploads\/2022\/03\/camasa-2157b.jpg?w=730&amp;ssl=1 730w\" sizes=\"auto, (max-width: 712px) 100vw, 712px\" \/><\/figure>\n<\/div>\n<\/div>\n<\/div><\/div>\n","protected":false},"excerpt":{"rendered":"<p>diana Panou control Comenzi Desc\u0103rc\u0103ri Adrese Detalii cont Dezautentificare Bun\u0103 diana (nu e\u0219ti diana? Dezautentific\u0103-te) \u00cen panoul de control al contului t\u0103u po\u021bi s\u0103-\u021bi vezi comenzile recente, s\u0103-\u021bi administrezi adresele de livrare \u0219i de facturare \u0219i s\u0103-\u021bi editezi parola \u0219i detaliile contului.<\/p>\n","protected":false},"author":1,"featured_media":0,"parent":0,"menu_order":0,"comment_status":"closed","ping_status":"closed","template":"","meta":{"nf_dc_page":"","ngg_post_thumbnail":0,"footnotes":""},"class_list":["post-100","page","type-page","status-publish","hentry"],"yoast_head":"<!-- This site is optimized with the Yoast SEO plugin v27.5 - https:\/\/yoast.com\/product\/yoast-seo-wordpress\/ -->\n<title>Contul meu - T&#039;esha<\/title>\n<meta name=\"robots\" content=\"index, follow, max-snippet:-1, max-image-preview:large, max-video-preview:-1\" \/>\n<link rel=\"canonical\" href=\"https:\/\/tesha-fashion.ro\/shop\/contul-meu\/\" \/>\n<meta property=\"og:locale\" content=\"ro_RO\" \/>\n<meta property=\"og:type\" content=\"article\" \/>\n<meta property=\"og:title\" content=\"Contul meu - T&#039;esha\" \/>\n<meta property=\"og:description\" content=\"diana Panou control Comenzi Desc\u0103rc\u0103ri Adrese Detalii cont Dezautentificare Bun\u0103 diana (nu e\u0219ti diana? Dezautentific\u0103-te) \u00cen panoul de control al contului t\u0103u po\u021bi s\u0103-\u021bi vezi comenzile recente, s\u0103-\u021bi administrezi adresele de livrare \u0219i de facturare \u0219i s\u0103-\u021bi editezi parola \u0219i detaliile contului.\" \/>\n<meta property=\"og:url\" content=\"https:\/\/tesha-fashion.ro\/shop\/contul-meu\/\" \/>\n<meta property=\"og:site_name\" content=\"T&#039;esha\" \/>\n<meta property=\"article:modified_time\" content=\"2026-02-14T17:07:30+00:00\" \/>\n<meta property=\"og:image\" content=\"https:\/\/secure.gravatar.com\/avatar\/cecd654841a860f3c6cdf17f7578e872?s=96&amp;d=mm&amp;r=g\" \/>\n<meta name=\"twitter:card\" content=\"summary_large_image\" \/>\n<meta name=\"twitter:label1\" content=\"Timp estimat pentru citire\" \/>\n\t<meta name=\"twitter:data1\" content=\"2 minute\" \/>\n<script type=\"application\/ld+json\" class=\"yoast-schema-graph\">{\"@context\":\"https:\\\/\\\/schema.org\",\"@graph\":[{\"@type\":\"WebPage\",\"@id\":\"https:\\\/\\\/tesha-fashion.ro\\\/shop\\\/contul-meu\\\/\",\"url\":\"https:\\\/\\\/tesha-fashion.ro\\\/shop\\\/contul-meu\\\/\",\"name\":\"Contul meu - T&#039;esha\",\"isPartOf\":{\"@id\":\"https:\\\/\\\/tesha-fashion.ro\\\/shop\\\/#website\"},\"primaryImageOfPage\":{\"@id\":\"https:\\\/\\\/tesha-fashion.ro\\\/shop\\\/contul-meu\\\/#primaryimage\"},\"image\":{\"@id\":\"https:\\\/\\\/tesha-fashion.ro\\\/shop\\\/contul-meu\\\/#primaryimage\"},\"thumbnailUrl\":\"https:\\\/\\\/secure.gravatar.com\\\/avatar\\\/cecd654841a860f3c6cdf17f7578e872?s=96&amp;d=mm&amp;r=g\",\"datePublished\":\"2022-02-08T12:58:39+00:00\",\"dateModified\":\"2026-02-14T17:07:30+00:00\",\"breadcrumb\":{\"@id\":\"https:\\\/\\\/tesha-fashion.ro\\\/shop\\\/contul-meu\\\/#breadcrumb\"},\"inLanguage\":\"ro-RO\",\"potentialAction\":[{\"@type\":\"ReadAction\",\"target\":[\"https:\\\/\\\/tesha-fashion.ro\\\/shop\\\/contul-meu\\\/\"]}]},{\"@type\":\"ImageObject\",\"inLanguage\":\"ro-RO\",\"@id\":\"https:\\\/\\\/tesha-fashion.ro\\\/shop\\\/contul-meu\\\/#primaryimage\",\"url\":\"https:\\\/\\\/secure.gravatar.com\\\/avatar\\\/cecd654841a860f3c6cdf17f7578e872?s=96&amp;d=mm&amp;r=g\",\"contentUrl\":\"https:\\\/\\\/secure.gravatar.com\\\/avatar\\\/cecd654841a860f3c6cdf17f7578e872?s=96&amp;d=mm&amp;r=g\"},{\"@type\":\"BreadcrumbList\",\"@id\":\"https:\\\/\\\/tesha-fashion.ro\\\/shop\\\/contul-meu\\\/#breadcrumb\",\"itemListElement\":[{\"@type\":\"ListItem\",\"position\":1,\"name\":\"Home\",\"item\":\"https:\\\/\\\/tesha-fashion.ro\\\/shop\\\/\"},{\"@type\":\"ListItem\",\"position\":2,\"name\":\"Contul meu\"}]},{\"@type\":\"WebSite\",\"@id\":\"https:\\\/\\\/tesha-fashion.ro\\\/shop\\\/#website\",\"url\":\"https:\\\/\\\/tesha-fashion.ro\\\/shop\\\/\",\"name\":\"T&#039;esha\",\"description\":\"by Diana Tatucu\",\"publisher\":{\"@id\":\"https:\\\/\\\/tesha-fashion.ro\\\/shop\\\/#organization\"},\"potentialAction\":[{\"@type\":\"SearchAction\",\"target\":{\"@type\":\"EntryPoint\",\"urlTemplate\":\"https:\\\/\\\/tesha-fashion.ro\\\/shop\\\/?s={search_term_string}\"},\"query-input\":{\"@type\":\"PropertyValueSpecification\",\"valueRequired\":true,\"valueName\":\"search_term_string\"}}],\"inLanguage\":\"ro-RO\"},{\"@type\":\"Organization\",\"@id\":\"https:\\\/\\\/tesha-fashion.ro\\\/shop\\\/#organization\",\"name\":\"T&#039;esha\",\"url\":\"https:\\\/\\\/tesha-fashion.ro\\\/shop\\\/\",\"logo\":{\"@type\":\"ImageObject\",\"inLanguage\":\"ro-RO\",\"@id\":\"https:\\\/\\\/tesha-fashion.ro\\\/shop\\\/#\\\/schema\\\/logo\\\/image\\\/\",\"url\":\"https:\\\/\\\/i0.wp.com\\\/tesha-fashion.ro\\\/shop\\\/wp-content\\\/uploads\\\/2025\\\/03\\\/cropped-logo-mic.png?fit=252%2C88&ssl=1\",\"contentUrl\":\"https:\\\/\\\/i0.wp.com\\\/tesha-fashion.ro\\\/shop\\\/wp-content\\\/uploads\\\/2025\\\/03\\\/cropped-logo-mic.png?fit=252%2C88&ssl=1\",\"width\":252,\"height\":88,\"caption\":\"T&#039;esha\"},\"image\":{\"@id\":\"https:\\\/\\\/tesha-fashion.ro\\\/shop\\\/#\\\/schema\\\/logo\\\/image\\\/\"}}]}<\/script>\n<!-- \/ Yoast SEO plugin. -->","yoast_head_json":{"title":"Contul meu - T&#039;esha","robots":{"index":"index","follow":"follow","max-snippet":"max-snippet:-1","max-image-preview":"max-image-preview:large","max-video-preview":"max-video-preview:-1"},"canonical":"https:\/\/tesha-fashion.ro\/shop\/contul-meu\/","og_locale":"ro_RO","og_type":"article","og_title":"Contul meu - T&#039;esha","og_description":"diana Panou control Comenzi Desc\u0103rc\u0103ri Adrese Detalii cont Dezautentificare Bun\u0103 diana (nu e\u0219ti diana? Dezautentific\u0103-te) \u00cen panoul de control al contului t\u0103u po\u021bi s\u0103-\u021bi vezi comenzile recente, s\u0103-\u021bi administrezi adresele de livrare \u0219i de facturare \u0219i s\u0103-\u021bi editezi parola \u0219i detaliile contului.","og_url":"https:\/\/tesha-fashion.ro\/shop\/contul-meu\/","og_site_name":"T&#039;esha","article_modified_time":"2026-02-14T17:07:30+00:00","og_image":[{"url":"https:\/\/secure.gravatar.com\/avatar\/cecd654841a860f3c6cdf17f7578e872?s=96&amp;d=mm&amp;r=g","type":"","width":"","height":""}],"twitter_card":"summary_large_image","twitter_misc":{"Timp estimat pentru citire":"2 minute"},"schema":{"@context":"https:\/\/schema.org","@graph":[{"@type":"WebPage","@id":"https:\/\/tesha-fashion.ro\/shop\/contul-meu\/","url":"https:\/\/tesha-fashion.ro\/shop\/contul-meu\/","name":"Contul meu - T&#039;esha","isPartOf":{"@id":"https:\/\/tesha-fashion.ro\/shop\/#website"},"primaryImageOfPage":{"@id":"https:\/\/tesha-fashion.ro\/shop\/contul-meu\/#primaryimage"},"image":{"@id":"https:\/\/tesha-fashion.ro\/shop\/contul-meu\/#primaryimage"},"thumbnailUrl":"https:\/\/secure.gravatar.com\/avatar\/cecd654841a860f3c6cdf17f7578e872?s=96&amp;d=mm&amp;r=g","datePublished":"2022-02-08T12:58:39+00:00","dateModified":"2026-02-14T17:07:30+00:00","breadcrumb":{"@id":"https:\/\/tesha-fashion.ro\/shop\/contul-meu\/#breadcrumb"},"inLanguage":"ro-RO","potentialAction":[{"@type":"ReadAction","target":["https:\/\/tesha-fashion.ro\/shop\/contul-meu\/"]}]},{"@type":"ImageObject","inLanguage":"ro-RO","@id":"https:\/\/tesha-fashion.ro\/shop\/contul-meu\/#primaryimage","url":"https:\/\/secure.gravatar.com\/avatar\/cecd654841a860f3c6cdf17f7578e872?s=96&amp;d=mm&amp;r=g","contentUrl":"https:\/\/secure.gravatar.com\/avatar\/cecd654841a860f3c6cdf17f7578e872?s=96&amp;d=mm&amp;r=g"},{"@type":"BreadcrumbList","@id":"https:\/\/tesha-fashion.ro\/shop\/contul-meu\/#breadcrumb","itemListElement":[{"@type":"ListItem","position":1,"name":"Home","item":"https:\/\/tesha-fashion.ro\/shop\/"},{"@type":"ListItem","position":2,"name":"Contul meu"}]},{"@type":"WebSite","@id":"https:\/\/tesha-fashion.ro\/shop\/#website","url":"https:\/\/tesha-fashion.ro\/shop\/","name":"T&#039;esha","description":"by Diana Tatucu","publisher":{"@id":"https:\/\/tesha-fashion.ro\/shop\/#organization"},"potentialAction":[{"@type":"SearchAction","target":{"@type":"EntryPoint","urlTemplate":"https:\/\/tesha-fashion.ro\/shop\/?s={search_term_string}"},"query-input":{"@type":"PropertyValueSpecification","valueRequired":true,"valueName":"search_term_string"}}],"inLanguage":"ro-RO"},{"@type":"Organization","@id":"https:\/\/tesha-fashion.ro\/shop\/#organization","name":"T&#039;esha","url":"https:\/\/tesha-fashion.ro\/shop\/","logo":{"@type":"ImageObject","inLanguage":"ro-RO","@id":"https:\/\/tesha-fashion.ro\/shop\/#\/schema\/logo\/image\/","url":"https:\/\/i0.wp.com\/tesha-fashion.ro\/shop\/wp-content\/uploads\/2025\/03\/cropped-logo-mic.png?fit=252%2C88&ssl=1","contentUrl":"https:\/\/i0.wp.com\/tesha-fashion.ro\/shop\/wp-content\/uploads\/2025\/03\/cropped-logo-mic.png?fit=252%2C88&ssl=1","width":252,"height":88,"caption":"T&#039;esha"},"image":{"@id":"https:\/\/tesha-fashion.ro\/shop\/#\/schema\/logo\/image\/"}}]}},"jetpack_sharing_enabled":true,"_links":{"self":[{"href":"https:\/\/tesha-fashion.ro\/shop\/wp-json\/wp\/v2\/pages\/100","targetHints":{"allow":["GET"]}}],"collection":[{"href":"https:\/\/tesha-fashion.ro\/shop\/wp-json\/wp\/v2\/pages"}],"about":[{"href":"https:\/\/tesha-fashion.ro\/shop\/wp-json\/wp\/v2\/types\/page"}],"author":[{"embeddable":true,"href":"https:\/\/tesha-fashion.ro\/shop\/wp-json\/wp\/v2\/users\/1"}],"replies":[{"embeddable":true,"href":"https:\/\/tesha-fashion.ro\/shop\/wp-json\/wp\/v2\/comments?post=100"}],"version-history":[{"count":4,"href":"https:\/\/tesha-fashion.ro\/shop\/wp-json\/wp\/v2\/pages\/100\/revisions"}],"predecessor-version":[{"id":2656,"href":"https:\/\/tesha-fashion.ro\/shop\/wp-json\/wp\/v2\/pages\/100\/revisions\/2656"}],"wp:attachment":[{"href":"https:\/\/tesha-fashion.ro\/shop\/wp-json\/wp\/v2\/media?parent=100"}],"curies":[{"name":"wp","href":"https:\/\/api.w.org\/{rel}","templated":true}]}}